{"id":251,"date":"2024-09-09T09:49:16","date_gmt":"2024-09-09T07:49:16","guid":{"rendered":"https:\/\/llagosti.es\/?page_id=251"},"modified":"2024-09-09T09:49:16","modified_gmt":"2024-09-09T07:49:16","slug":"politica-de-privacidad","status":"publish","type":"page","link":"https:\/\/llagosti.es\/en\/politica-de-privacidad\/","title":{"rendered":"POL\u00cdTICA DE PRIVACIDAD"},"content":{"rendered":"<p><strong>I. INFORMACI\u00d3N EN CUMPLIMIENTO DE LO ESTABLECIDO EN LA LEY 34\/2002, DE 11 DE JULIO, DE SERVICIOS DE LA SOCIEDAD DE LA INFORMACI\u00d3N Y DE COMERCIO ELECTR\u00d3NICO<\/strong><\/p>\n\n\n\n<p>En cumplimiento de lo establecido en el art\u00edculo 10 de la Ley 34\/2002, de 11 de julio, de Servicios de la Sociedad de la Informaci\u00f3n y de Comercio Electr\u00f3nico (en adelante, LSSI-CE), se informa de modo expreso, preciso e inequ\u00edvoco, tanto a los destinatarios del servicio como a los \u00f3rganos competentes, de los siguientes aspectos relativos al prestador de servicios de la sociedad de la informaci\u00f3n:<\/p>\n\n\n\n<p><em>NOMBRE \/ DENOMINACI\u00d3N SOCIAL:MAR\u00cdA CONCEPCI\u00d3N BLANCO SAN JOS\u00c9<\/em><em><br><\/em><em>CIF \/ NIF: 09282434W<\/em><em><br><\/em><em>ACTIVIDAD \/ OBJETO SOCIAL: Restaurante<\/em><em><br><\/em><em>DOMICILIO SOCIAL \/ PROFESIONAL: C\/ San Francisco, 15, 03001 Alicante<\/em><em><br><\/em><em>TEL\u00c9FONO: 954988401 \/\/ 618335659<\/em><em><br><\/em><em>DIRECCI\u00d3N DE CORREO ELECTR\u00d3NICO: cbraunsg@gmail.com<\/em><em><br><\/em><em>DIRECCI\u00d3N WEB: ellagosti.es<\/em><\/p>\n\n\n\n<p><strong>II. INFORMACI\u00d3N EN CUMPLIMIENTO DE LO ESTABLECIDO EN LA LEY ORG\u00c1NICA DE PROTECCI\u00d3N DE DATOS DE CAR\u00c1CTER PERSONAL<\/strong><\/p>\n\n\n\n<p><strong>1. PRINCIPIO DE INFORMACI\u00d3N<\/strong><\/p>\n\n\n\n<p>En cumplimiento de lo establecido en el art\u00edculo 5 de la Ley Org\u00e1nica 15\/1999, de 13 de diciembre, de Protecci\u00f3n de Datos de Car\u00e1cter Personal (en adelante, LOPD), le informamos de modo expreso, preciso e inequ\u00edvoco que los datas facilitados por usted a trav\u00e9s de los formularios dispuestos al efecto en nuestra p\u00e1gina web o en cualquier otro canal de recogida de los mismos, as\u00ed como los que se generen durante su relaci\u00f3n con nuestra entidad, ser\u00e1n objeto de tratamiento en los ficheros responsabilidad de <em>MAR\u00cdA CONCEPCI\u00d3N BLANCO SAN JOS\u00c9<\/em>, debidamente notificados en el Registro General de la Agencia Espa\u00f1ola de Protecci\u00f3n de Datos, con la finalidad del mantenimiento y cumplimienta de la relaci\u00f3n del destinatario del servicio con nuestra entidad y prestaci\u00f3n de servicios derivada de la misma.<\/p>\n\n\n\n<p>As\u00ed mismo, en cumplimiento de lo establecido en la citada LOPD y en la Ley 34\/2002, de 11 de julio, de Servicios de la Sociedad de la Informaci\u00f3n y de Comercio Electr\u00f3nico (en adelante, LSSI-CE), le informamos que sus datos podr\u00e1n ser utilizados con la finalidad de enviarle comunicaciones comerciales y de cortes\u00eda relacionadas con nuestra entidad a trav\u00e9s del tel\u00e9fono, correo postal ordinario, fax, correo electr\u00f3nico o medios de comunicaci\u00f3n electr\u00f3nica equivalentes.<\/p>\n\n\n\n<p>De igual manera, le informamos que sus datos ser\u00e1n cedidos en todos aquellos casos en que sea necesario para el desarrollo, cumplimiento y control de la relaci\u00f3n del destinatario del servicio con nuestra entidad o en los supuestos en que lo autorice una norma con rango de ley y, en particular, cuando concurra uno de los supuestos siguientes: a) El tratamiento o la cesi\u00f3n tengan por objeto la satisfacci\u00f3n de un inter\u00e9s leg\u00edtimo del responsable del tratamiento o del cesionario amparado por dicha norma; b) El tratamiento o la cesi\u00f3n de los datos sean necesarios para que el responsable del tratamiento cumpla un deber que le imponga dicha norma.<\/p>\n\n\n\n<p><strong>2. PRINCIPIO DEL CONSENTIMIENTO<\/strong><\/p>\n\n\n\n<p>El consentimiento para el tratamiento de sus datos con las finalidades descritas en el apartado anterior se entender\u00e1 prestado a trav\u00e9s de la marcaci\u00f3n de la casilla correspondiente dispuesta al efecto en nuestra p\u00e1gina web.<\/p>\n\n\n\n<p><strong>3. CAR\u00c1CTER OBLIGATORIO DE LOS DATOS SOLICITADOS<\/strong><\/p>\n\n\n\n<p>La cumplimentaci\u00f3n de todos y cada uno de los campos que aparecen en los formularios dispuestos al efecto en nuestra p\u00e1gina web tiene car\u00e1cter obligatorio (en caso contrario, aparecer\u00e1n marcados con un asterisco los campos que tengan car\u00e1cter obligatorio). La negativa a facilitar sus datos llevar\u00eda aparejada la imposibilidad del mantenimiento y cumplimiento de la relaci\u00f3n del destinatario del servicio con nuestra entidad, ya que los mismos son necesarios para la prestaci\u00f3n de servicios derivada de la misma.<\/p>\n\n\n\n<p><strong>4. PRINCIPIO DE CALIDAD DE LOS DATOS<\/strong><\/p>\n\n\n\n<p>El destinatario del servicio ser\u00e1 el \u00fanico responsable de la veracidad y exactitud de los datos aportados, actuando <em>MAR\u00cdA CONCEPCI\u00d3N BLANCO SAN JOS\u00c9,<\/em> de buena fe como mero prestador del servicio. En el supuesto de que el destinatario del servicio facilite datos falsos o de terceras personas sin mediar su consentimiento para ello, responder\u00e1 personalmente frente a <em>MAR\u00cdA CONCEPCI\u00d3N BLANCO SAN JOS\u00c9<\/em>, los afectados o interesados, Agencia Espa\u00f1ola de Protecci\u00f3n de Datas y, en su caso, autoridades auton\u00f3micas de protecci\u00f3n de datos, de las responsabilidades derivadas de dicha circunstancia.<\/p>\n\n\n\n<p><em>MAR\u00cdA CONCEPCI\u00d3N BLANCO SAN JOS\u00c9<\/em>. no recoge datos de personas menores de catorce a\u00f1os a trav\u00e9s de su p\u00e1gina web. En el supuesto de que una persona menor de catorce a\u00f1os facilite sus datos a trav\u00e9s de los formularios dispuestos al efecto en nuestra p\u00e1gina web o en cualquier otro canal de recogida de los mismos, se proceder\u00e1 a su destrucci\u00f3n inmediata en el mismo momento en que se tenga conocimiento de tal circunstancia.<\/p>\n\n\n\n<p>Con la finalidad de dar cumplimiento a lo establecido en el art\u00edculo 4.3 de la LOPD, el destinatario del servicio se compromete a comunicar a CLINICA PHYSIAL S.L. los cambios que se produzcan en sus datos, de forma que respondan con veracidad a su situaci\u00f3n actual en todo momento.<\/p>\n\n\n\n<p><strong>5. PRINCIPIO DE SEGURIDAD DE LOS DATOS<\/strong><\/p>\n\n\n\n<p><em>MAR\u00cdA CONCEPCI\u00d3N BLANCO SAN JOS\u00c9<\/em> se compromete al cumplimiento de su obligaci\u00f3n de secreto respecto de los datos de car\u00e1cter personal y de su deber de guardarlos y adoptar\u00e1 todas las medidas de \u00edndole t\u00e9cnica y organizativa necesarias que garanticen la seguridad de los datos de car\u00e1cter personal y eviten su alteraci\u00f3n, p\u00e9rdida, tratamiento o acceso no autorizado, habida cuenta del estado de la tecnolog\u00eda, la naturaleza de los datos almacenados y los riesgos a que est\u00e9n expuestos, ya provengan de la acci\u00f3n humana o del medio f\u00edsico o natural, desarrolladas en el T\u00edtulo VIII del Real Decreto 1720\/2007, de 21 de diciembre, por el que se aprueba el Reglamento de desarrollo de la Ley Org\u00e1nica 15\/1999, de 13 de diciembre, de Protecci\u00f3n de Datos de Car\u00e1cter Personal.<\/p>\n\n\n\n<p><strong>6. EJERCICIO DE DERECHOS<\/strong><\/p>\n\n\n\n<p>En cumplimiento de lo establecido en la LOPD y el Real Decreto 1720\/2007, de 21 de diciembre, por el que se aprueba el Reglamento de desarrollo de la misma, el destinatario del servicio puede ejercitar, en cualquier momento, sus derechos de acceso, rectificaci\u00f3n, cancelaci\u00f3n y oposici\u00f3n ante el responsable del fichero o del tratamiento, adjuntando fotocopia de su DNI.<\/p>\n\n\n\n<p><strong>7. RESPONSABLE DEL FICHERO O DEL TRATAMIENTO<\/strong><\/p>\n\n\n\n<p>El responsable del fichero o del tratamiento es <em>MAR\u00cdA CONCEPCI\u00d3N BLANCO SAN JOS\u00c9<\/em>, con direcci\u00f3n a efectos de notificaciones en C\/ Amador de los Rios, 38 Local, 41003 \u2013 Sevilla (Sevilla).<\/p>\n\n\n\n<p>Las presentes condiciones se encuentran sometidas a la legislaci\u00f3n espa\u00f1ola vigente. Para cualquier tipo de controversia derivada de la utilizaci\u00f3n de los servicios o de los contenidos de la web, las partes, con la aceptaci\u00f3n de estas condiciones, se someter\u00e1n a los Tribunales y Juzgados del usuario.Se informa al usuario sobre la resoluci\u00f3n extrajudicial de conflictos, conforme al art del Reglamente UE 524\/2013 en el siguiente link: <a href=\"https:\/\/ec.europa.eu\/consumers\/odr\/main\/index.cfm?event=main.home2.show&amp;lng=ES\">https:\/\/ec.europa.eu\/consumers\/odr\/main\/index.cfm?event=main.home2.show&amp;lng=ES<\/a><\/p>","protected":false},"excerpt":{"rendered":"<p>I. INFORMACI\u00d3N EN CUMPLIMIENTO DE LO ESTABLECIDO EN LA LEY 34\/2002, DE 11 DE JULIO, DE SERVICIOS DE LA SOCIEDAD DE LA INFORMACI\u00d3N Y DE COMERCIO<span class=\"excerpt-hellip\"> [\u2026]<\/span><\/p>","protected":false},"author":2,"featured_media":0,"parent":0,"menu_order":0,"comment_status":"closed","ping_status":"closed","template":"","meta":{"footnotes":""},"class_list":["post-251","page","type-page","status-publish","hentry"],"_links":{"self":[{"href":"https:\/\/llagosti.es\/en\/wp-json\/wp\/v2\/pages\/251","targetHints":{"allow":["GET"]}}],"collection":[{"href":"https:\/\/llagosti.es\/en\/wp-json\/wp\/v2\/pages"}],"about":[{"href":"https:\/\/llagosti.es\/en\/wp-json\/wp\/v2\/types\/page"}],"author":[{"embeddable":true,"href":"https:\/\/llagosti.es\/en\/wp-json\/wp\/v2\/users\/2"}],"replies":[{"embeddable":true,"href":"https:\/\/llagosti.es\/en\/wp-json\/wp\/v2\/comments?post=251"}],"version-history":[{"count":1,"href":"https:\/\/llagosti.es\/en\/wp-json\/wp\/v2\/pages\/251\/revisions"}],"predecessor-version":[{"id":252,"href":"https:\/\/llagosti.es\/en\/wp-json\/wp\/v2\/pages\/251\/revisions\/252"}],"wp:attachment":[{"href":"https:\/\/llagosti.es\/en\/wp-json\/wp\/v2\/media?parent=251"}],"curies":[{"name":"wp","href":"https:\/\/api.w.org\/{rel}","templated":true}]}}